{"id":7288,"date":"2024-07-21T22:17:24","date_gmt":"2024-07-22T01:17:24","guid":{"rendered":"https:\/\/www.uppel.com.br\/site01\/?post_type=product&#038;p=7288"},"modified":"2024-07-21T22:23:32","modified_gmt":"2024-07-22T01:23:32","slug":"motor","status":"publish","type":"product","link":"https:\/\/www.uppel.com.br\/site01\/produto\/motor\/","title":{"rendered":"Motor Diesel Xinchai C490BPG-200 40KW\/54CV Completo"},"content":{"rendered":"\n<h2 class=\"wp-block-heading\">Descri\u00e7\u00e3o<\/h2>\n\n\n\n<p id=\"isPasted\">Motor Diesel Xinchai C490BPG-200 40KW\/54CV Completo <\/p>\n\n\n\n<p>Aplica\u00e7\u00e3o: Empilhadeiras Diese<\/p>\n\n\n\n<p>Modelo do Motor:&nbsp;C490BPG&nbsp;<\/p>\n\n\n\n<p>Quilowatt : 40KW<\/p>\n\n\n\n<p>Pot\u00eancia: 54CV<\/p>\n\n\n\n<p>Medidas da Embalagem: 18cm x 18cm x 22cm<\/p>\n\n\n\n<h2 class=\"wp-block-heading\">Especific\u00e3o T\u00e9cnica<\/h2>\n\n\n\n<p>O motor \u00e9 um componente vital que impulsiona o funcionamento da empilhadeira. Projetado para fornecer pot\u00eancia e torques necess\u00e1rios, o motor \u00e9 o respons\u00e1vel por converter a energia em movimento, permitindo que a m\u00e1quina realize tarefas de levantamento, transporte e manipula\u00e7\u00e3o de cargas com efici\u00eancia. Esse motor \u00e9 constru\u00eddo com caracter\u00edsticas espec\u00edficas para atender as demandas do ambiente industrial.\u00a0<\/p>\n","protected":false},"excerpt":{"rendered":"<p>O motor \u00e9 um componente vital que impulsiona o funcionamento da empilhadeira<\/p>\n","protected":false},"featured_media":7289,"comment_status":"open","ping_status":"closed","template":"","meta":[],"product_cat":[15],"product_tag":[60],"_links":{"self":[{"href":"https:\/\/www.uppel.com.br\/site01\/wp-json\/wp\/v2\/product\/7288"}],"collection":[{"href":"https:\/\/www.uppel.com.br\/site01\/wp-json\/wp\/v2\/product"}],"about":[{"href":"https:\/\/www.uppel.com.br\/site01\/wp-json\/wp\/v2\/types\/product"}],"replies":[{"embeddable":true,"href":"https:\/\/www.uppel.com.br\/site01\/wp-json\/wp\/v2\/comments?post=7288"}],"wp:featuredmedia":[{"embeddable":true,"href":"https:\/\/www.uppel.com.br\/site01\/wp-json\/wp\/v2\/media\/7289"}],"wp:attachment":[{"href":"https:\/\/www.uppel.com.br\/site01\/wp-json\/wp\/v2\/media?parent=7288"}],"wp:term":[{"taxonomy":"product_cat","embeddable":true,"href":"https:\/\/www.uppel.com.br\/site01\/wp-json\/wp\/v2\/product_cat?post=7288"},{"taxonomy":"product_tag","embeddable":true,"href":"https:\/\/www.uppel.com.br\/site01\/wp-json\/wp\/v2\/product_tag?post=7288"}],"curies":[{"name":"wp","href":"https:\/\/api.w.org\/{rel}","templated":true}]}}