{"id":7285,"date":"2024-07-21T21:57:17","date_gmt":"2024-07-22T00:57:17","guid":{"rendered":"https:\/\/www.uppel.com.br\/site01\/?post_type=product&#038;p=7285"},"modified":"2024-09-25T22:59:34","modified_gmt":"2024-09-26T01:59:34","slug":"oleo-de-motor","status":"publish","type":"product","link":"https:\/\/www.uppel.com.br\/site01\/produto\/oleo-de-motor\/","title":{"rendered":"\u00d3leo de motor para empilhadeira 20w-50 Bardahl"},"content":{"rendered":"\n<h2 class=\"wp-block-heading\">Descri\u00e7ao<\/h2>\n\n\n\n<p>\u00d3leo lubrificante MINERAL para motores a gasolina, etanol, flex ou GNV para epilhaderias nacionais e importadas.<\/p>\n\n\n\n<h2 class=\"wp-block-heading\">Especifica\u00e7\u00e3o<\/h2>\n\n\n\n<p>&#8211; API SL<\/p>\n\n\n\n<h2 class=\"wp-block-heading\">Modo de usar<\/h2>\n\n\n\n<p>Adicionar o produto no reservat\u00f3rio de \u00f3leo lubrificante dos motores. Obede\u00e7a \u00e0s recomenda\u00e7\u00f5es do fabricante do ve\u00edculo. A correta escolha do \u00f3leo e a observ\u00e2ncia do per\u00edodo correto de troca do lubrificante garantem a redu\u00e7\u00e3o dos gastos com manuten\u00e7\u00e3o. A escolha correta \u00e9 aquela que segue as especifica\u00e7\u00f5es SAE e API da montadora e consta no manual do propriet\u00e1rio.<\/p>\n","protected":false},"excerpt":{"rendered":"<p>\u00d3LEO DE MOTOR &#8211; 20W50 &#8211; MAX SL &#8211; MINERAL &#8211; 1 L &#8211; BARDAHL,<\/p>\n","protected":false},"featured_media":7286,"comment_status":"open","ping_status":"closed","template":"","meta":[],"product_cat":[42],"product_tag":[],"_links":{"self":[{"href":"https:\/\/www.uppel.com.br\/site01\/wp-json\/wp\/v2\/product\/7285"}],"collection":[{"href":"https:\/\/www.uppel.com.br\/site01\/wp-json\/wp\/v2\/product"}],"about":[{"href":"https:\/\/www.uppel.com.br\/site01\/wp-json\/wp\/v2\/types\/product"}],"replies":[{"embeddable":true,"href":"https:\/\/www.uppel.com.br\/site01\/wp-json\/wp\/v2\/comments?post=7285"}],"wp:featuredmedia":[{"embeddable":true,"href":"https:\/\/www.uppel.com.br\/site01\/wp-json\/wp\/v2\/media\/7286"}],"wp:attachment":[{"href":"https:\/\/www.uppel.com.br\/site01\/wp-json\/wp\/v2\/media?parent=7285"}],"wp:term":[{"taxonomy":"product_cat","embeddable":true,"href":"https:\/\/www.uppel.com.br\/site01\/wp-json\/wp\/v2\/product_cat?post=7285"},{"taxonomy":"product_tag","embeddable":true,"href":"https:\/\/www.uppel.com.br\/site01\/wp-json\/wp\/v2\/product_tag?post=7285"}],"curies":[{"name":"wp","href":"https:\/\/api.w.org\/{rel}","templated":true}]}}