{"id":677,"date":"2018-05-18T11:55:25","date_gmt":"2018-05-18T11:55:25","guid":{"rendered":"https:\/\/themedemo.commercegurus.com\/shoptimizer\/?post_type=product&#038;p=677"},"modified":"2026-01-16T23:05:35","modified_gmt":"2026-01-17T02:05:35","slug":"fltro-ar-yale","status":"publish","type":"product","link":"https:\/\/www.uppel.com.br\/site01\/produto\/fltro-ar-yale\/","title":{"rendered":"Filtros Ar Para Empilhadeira Yale 902166802"},"content":{"rendered":"\n<div class=\"wp-block-columns are-vertically-aligned-center is-layout-flex wp-container-core-columns-is-layout-1 wp-block-columns-is-layout-flex\">\n<div class=\"wp-block-column is-vertically-aligned-center is-layout-flow wp-block-column-is-layout-flow\">\n<p class=\"title has-text-color\" style=\"color:#131315\"><\/p>\n\n\n\n<h2 class=\"wp-block-heading\">Detalhes<\/h2>\n\n\n\n<p>Tampas moldadas em poliuretano expansivo. Tubo e corpo em chapa de a\u00e7o expandida e<br>zincada. Meio filtrante: papel celulose plissado.ur planet.<\/p>\n\n\n\n<p class=\"title has-text-color\" style=\"color:#131315\"><\/p>\n\n\n\n<h2 class=\"wp-block-heading\">Dimensional<\/h2>\n\n\n\n<p>ext. = 105 mm<br>int. = 62 mm<br>Altura livre = 265 mm<br>Altura total = 274 mm<\/p>\n\n\n\n<h2 class=\"wp-block-heading\">Equival\u00eancia:<\/h2>\n\n\n\n<p>YALE Y902166802<br>YANMAR 1190812520<br>YANMAR 11980812520<br>YANMAR 11980812520L<br>YANMAR 12900412520<br>YANMAR 12908712510<br>YANMAR 12961912510<br>YANMAR 12961912520<\/p>\n<\/div>\n\n\n\n<div class=\"wp-block-column is-vertically-aligned-center is-layout-flow wp-block-column-is-layout-flow\" style=\"flex-basis:60%\">\n<p><\/p>\n<\/div>\n<\/div>\n\n\n\n<div style=\"height:30px\" aria-hidden=\"true\" class=\"wp-block-spacer\"><\/div>\n\n\n\n<div style=\"height:30px\" aria-hidden=\"true\" class=\"wp-block-spacer\"><\/div>\n\n\n\n<div class=\"wp-block-columns are-vertically-aligned-center is-layout-flex wp-container-core-columns-is-layout-2 wp-block-columns-is-layout-flex\">\n<div class=\"wp-block-column is-vertically-aligned-center is-layout-flow wp-block-column-is-layout-flow\" style=\"flex-basis:60%\">\n<p><\/p>\n<\/div>\n<\/div>\n\n\n\n<div style=\"height:30px\" aria-hidden=\"true\" class=\"wp-block-spacer\"><\/div>\n\n\n\n<div style=\"height:30px\" aria-hidden=\"true\" class=\"wp-block-spacer\"><\/div>\n\n\n\n<div class=\"wp-block-columns are-vertically-aligned-center is-layout-flex wp-container-core-columns-is-layout-3 wp-block-columns-is-layout-flex\">\n<div class=\"wp-block-column is-vertically-aligned-center is-layout-flow wp-block-column-is-layout-flow\" style=\"flex-basis:60%\">\n<p><\/p>\n<\/div>\n<\/div>\n","protected":false},"excerpt":{"rendered":"<p>Filtros Ar Para Empilhadeira para v\u00e1rios modelos Yale veja os codigos na descri\u00e7\u00e3o.<\/p>\n","protected":false},"featured_media":7267,"comment_status":"open","ping_status":"closed","template":"","meta":[],"product_cat":[43],"product_tag":[54,53],"_links":{"self":[{"href":"https:\/\/www.uppel.com.br\/site01\/wp-json\/wp\/v2\/product\/677"}],"collection":[{"href":"https:\/\/www.uppel.com.br\/site01\/wp-json\/wp\/v2\/product"}],"about":[{"href":"https:\/\/www.uppel.com.br\/site01\/wp-json\/wp\/v2\/types\/product"}],"replies":[{"embeddable":true,"href":"https:\/\/www.uppel.com.br\/site01\/wp-json\/wp\/v2\/comments?post=677"}],"wp:featuredmedia":[{"embeddable":true,"href":"https:\/\/www.uppel.com.br\/site01\/wp-json\/wp\/v2\/media\/7267"}],"wp:attachment":[{"href":"https:\/\/www.uppel.com.br\/site01\/wp-json\/wp\/v2\/media?parent=677"}],"wp:term":[{"taxonomy":"product_cat","embeddable":true,"href":"https:\/\/www.uppel.com.br\/site01\/wp-json\/wp\/v2\/product_cat?post=677"},{"taxonomy":"product_tag","embeddable":true,"href":"https:\/\/www.uppel.com.br\/site01\/wp-json\/wp\/v2\/product_tag?post=677"}],"curies":[{"name":"wp","href":"https:\/\/api.w.org\/{rel}","templated":true}]}}