{"id":667,"date":"2018-05-15T14:26:38","date_gmt":"2018-05-15T14:26:38","guid":{"rendered":"https:\/\/themedemo.commercegurus.com\/shoptimizer\/?post_type=product&#038;p=667"},"modified":"2026-01-16T22:57:39","modified_gmt":"2026-01-17T01:57:39","slug":"silk-blend-sweatshirt","status":"publish","type":"product","link":"https:\/\/www.uppel.com.br\/site01\/produto\/silk-blend-sweatshirt\/","title":{"rendered":"Filtro De Oleo Transmiss\u00e3o Empilhadeira Hyster Yale Ft Vx Lx"},"content":{"rendered":"\n<p><\/p>\n\n\n\n<h2 class=\"wp-block-heading\">Descri\u00e7\u00e3o<\/h2>\n\n\n\n<p>Deixe de trocar essa pe\u00e7a t\u00e3o cedo comprando conosco, aqui voc\u00ea compra qualidade.<br>Filtro de \u00f3leo da transmiss\u00e3o empilhadeira Hyster Yale<\/p>\n\n\n\n<h2 class=\"wp-block-heading\">Aplica\u00e7\u00e3o<\/h2>\n\n\n\n<p>Serve para empilhadeiras Hyster Yale:<br>50 at\u00e9 70 Ft\/Vx<br>50 Lx\/Ct<br>\u00a0<br>C\u00f3digo Yale: 550020335 \/ 580058668<br>C\u00f3digo Hyster: 4022588 \/ 2075558 \/ 4020588<\/p>\n\n\n\n<h2 class=\"wp-block-heading\">Informa\u00e7\u00f5es sobre o PRODUTO<\/h2>\n\n\n\n<p>*PE\u00c7A SIMILAR A ORIGINAL*<br>1\u00aa linha com padr\u00e3o original de aplica\u00e7\u00e3o e durabilidade;<br><br>*Voc\u00ea tem 3 meses de garantia!*<\/p>\n\n\n\n<p>Garantia do vendedor: 3 meses<\/p>\n","protected":false},"excerpt":{"rendered":"<p>Deixe de trocar essa pe\u00e7a t\u00e3o cedo comprando conosco, aqui voc\u00ea compra qualidade.<\/p>\n","protected":false},"featured_media":7277,"comment_status":"open","ping_status":"closed","template":"","meta":[],"product_cat":[45],"product_tag":[],"_links":{"self":[{"href":"https:\/\/www.uppel.com.br\/site01\/wp-json\/wp\/v2\/product\/667"}],"collection":[{"href":"https:\/\/www.uppel.com.br\/site01\/wp-json\/wp\/v2\/product"}],"about":[{"href":"https:\/\/www.uppel.com.br\/site01\/wp-json\/wp\/v2\/types\/product"}],"replies":[{"embeddable":true,"href":"https:\/\/www.uppel.com.br\/site01\/wp-json\/wp\/v2\/comments?post=667"}],"wp:featuredmedia":[{"embeddable":true,"href":"https:\/\/www.uppel.com.br\/site01\/wp-json\/wp\/v2\/media\/7277"}],"wp:attachment":[{"href":"https:\/\/www.uppel.com.br\/site01\/wp-json\/wp\/v2\/media?parent=667"}],"wp:term":[{"taxonomy":"product_cat","embeddable":true,"href":"https:\/\/www.uppel.com.br\/site01\/wp-json\/wp\/v2\/product_cat?post=667"},{"taxonomy":"product_tag","embeddable":true,"href":"https:\/\/www.uppel.com.br\/site01\/wp-json\/wp\/v2\/product_tag?post=667"}],"curies":[{"name":"wp","href":"https:\/\/api.w.org\/{rel}","templated":true}]}}